{"id":191,"date":"2022-09-27T18:13:35","date_gmt":"2022-09-27T16:13:35","guid":{"rendered":"https:\/\/www.zeborne.com\/fr\/?page_id=191"},"modified":"2025-04-28T10:12:55","modified_gmt":"2025-04-28T08:12:55","slug":"mentions-legales","status":"publish","type":"page","link":"https:\/\/www.zeborne.com\/fr\/mentions-legales\/","title":{"rendered":"Mentions l\u00e9gales"},"content":{"rendered":"<p><div class=\"fusion-fullwidth fullwidth-box fusion-builder-row-1 fusion-flex-container nonhundred-percent-fullwidth non-hundred-percent-height-scrolling\" style=\"background-color: rgba(255,255,255,0);background-position: center center;background-repeat: no-repeat;border-width: 0px 0px 0px 0px;border-color:var(--awb-color3);border-style:solid;\" ><div class=\"fusion-builder-row fusion-row fusion-flex-align-items-flex-start\" style=\"max-width:1248px;margin-left: calc(-4% \/ 2 );margin-right: calc(-4% \/ 2 );\"><div class=\"fusion-layout-column fusion_builder_column fusion-builder-column-0 fusion_builder_column_1_1 1_1 fusion-flex-column\"><div class=\"fusion-column-wrapper fusion-flex-justify-content-flex-start fusion-content-layout-column\" style=\"background-position:left top;background-blend-mode: overlay;background-repeat:no-repeat;-webkit-background-size:cover;-moz-background-size:cover;-o-background-size:cover;background-size:cover;padding: 0px 50px 0px 50px;\"><div class=\"fusion-text fusion-text-1\"><h1 style=\"text-align: center;\">Mentions l\u00e9gales et conditions d\u2019utilisation de ZEborne.com<\/h1>\n<p>Derni\u00e8re mise \u00e0 jour : 31 ao\u00fbt 2022<\/p>\n<h3><u><strong>Edit<\/strong><strong>eur<\/strong><\/u><\/h3>\n<p>ZEborne<br>\nSARL au capital social de 360 000,00 \u20ac<br>\nSi\u00e8ge social : 155-159 rue Anatole France 92300 Levallois-Perret<br>\n489 359 067 RCS Nanterre<br>\nN\u00b0 TVA intra-communautaire : FR61489359067<br>\nT\u00e9l : 02 52 07 25 97<br>\nCourrier \u00e9lectronique : contact@zeborne.com<br>\nDirecteur de la publication : Vartang Beguiachvili<\/p>\n<h3><strong><u>H\u00e9bergeur<\/u><\/strong><\/h3>\n<p>Le site ZEborne.com est h\u00e9berg\u00e9 dans l\u2019offre cloud Microsoft Azure (R\u00e9gion France Centre)<br>\nMICROSOFT France \u2013 Soci\u00e9t\u00e9 par actions simplifi\u00e9es<br>\n39 quai du pr\u00e9sident Roosevelt<br>\n92130 Issy-les-Moulineaux<br>\nEt op\u00e9r\u00e9 par : <a href=\"https:\/\/www.ipsosenso.com\/\" target=\"_blank\" rel=\"noopener\">IpsoSenso<\/a><br>\n1, rue Saint-Georges<br>\n75009 Paris<br>\nSAS au capital de 122.600 \u20ac<br>\nRCS Paris 524 354 685<br>\nTel : 01 56 35 00 50<br>\nCourrier \u00e9lectronique : <a href=\"mailto:contact@ipsosenso.com\">contact@ipsosenso.com<\/a><\/p>\n<h3><strong><u>Service de m\u00e9diation<\/u><\/strong><\/h3>\n<p>C&amp;C m\u00e9diation \u2013 par voie \u00e9lectronique : https:\/\/www.cc-mediateurconso-bfc.fr\/ ou par voie postale : C&amp;C M\u00e9diation \u2013 37 rue des Ch\u00eanes 25480 Miserey-Salines.<\/p>\n<h3><strong><u>Donn\u00e9es collect\u00e9es<\/u><\/strong><\/h3>\n<p>Les donn\u00e9es collect\u00e9es sur le Site sont destin\u00e9es \u00e0 ZEborne, elles sont strictement confidentielles et conserv\u00e9es \u00e0 des fins de gestion de nos relations commerciales, de prospection et de statistiques. Vous pouvez consulter la Politique de confidentialit\u00e9 et protection des donn\u00e9es personnelles sur notre site internet.<\/p>\n<h3><u>Conditions d\u2019utilisation<\/u><\/h3>\n<p>Ce Site est soumis \u00e0 la loi fran\u00e7aise.<\/p>\n<p>En consultant ce Site vous acceptez d\u2019en respecter les conditions d\u2019utilisation telles que celles-ci sont affich\u00e9es \u00e0 la date de consultation. L\u2019acc\u00e8s au Site est r\u00e9serv\u00e9 aux personnes majeures. Vous vous engagez \u00e0 ne pas utiliser ce Site et les informations ou donn\u00e9es qui y figurent \u00e0 des fins commerciales, politiques, publicitaires et pour toute forme de sollicitation commerciale et notamment l\u2019envoi de courriers \u00e9lectroniques non-sollicit\u00e9s.<\/p>\n<h3><u>Objet du Site<\/u><\/h3>\n<p>Le pr\u00e9sent Site diffuse des informations contractuelles et non contractuelles sur l\u2019offre de services de ZEborne.<\/p>\n<p>Dans la mesure o\u00f9 la mise \u00e0 jour du pr\u00e9sent Site est r\u00e9alis\u00e9e en tenant compte de l\u2019ensemble des activit\u00e9s de la soci\u00e9t\u00e9, il pourrait arriver que certaines informations nouvelles ou annonc\u00e9es ne soient plus valables au moment de leur diffusion ou qu\u2019elles soient tout simplement d\u00e9pass\u00e9es. ZEborne ne peut pas garantir, bien qu\u2019elle fasse les efforts n\u00e9cessaires, la parfaite mise \u00e0 jour de toutes les informations ou nouvelles qui sont diffus\u00e9es sur le pr\u00e9sent Site.<\/p>\n<h3><strong><u>Respect des droits de propri\u00e9t\u00e9 intellectuelle<\/u><\/strong><\/h3>\n<p>L\u2019ensemble du contenu de ce Site (architecture, textes, photos, illustrations et logiciel \u2026) est la propri\u00e9t\u00e9 de ZEborne ou de ses prestataires techniques.<\/p>\n<p>Nous attirons l\u2019attention des visiteurs sur le fait que des photos, ou des signes particuliers peuvent \u00e9galement constituer des droits de propri\u00e9t\u00e9 intellectuelle.<\/p>\n<p>Les marques et logos utilis\u00e9s sur ce Site ont \u00e9t\u00e9 d\u00e9pos\u00e9s, leur reproduction constituerait une contrefa\u00e7on.<\/p>\n<p>Tous les droits d\u2019utilisation sont r\u00e9serv\u00e9s. Conform\u00e9ment \u00e0 l\u2019article L.122-4 du code de la propri\u00e9t\u00e9 intellectuelle toute repr\u00e9sentation ou reproduction non express\u00e9ment autoris\u00e9e, int\u00e9grale ou partielle et par quelque proc\u00e9d\u00e9 que ce soit serait illicite et constituerait une contrefa\u00e7on sanctionn\u00e9e par les articles L. 335-2 et suivants du code de la propri\u00e9t\u00e9 intellectuelle.<\/p>\n<h2><\/h2>\n<h3><u>Les liens<\/u><\/h3>\n<p>Ce Site peut fournir des liens vers d\u2019autres sites internet. Ces sites sont ind\u00e9pendants du Site de ZEborne. ZEborne n\u2019\u00e9dite pas et ne contr\u00f4le pas les sources et les contenus de ces sites ou de leurs liens avec d\u2019autres sites.<\/p>\n<p>Les liens vers ces sites ne constituent en aucune mani\u00e8re une approbation ou validation ou adh\u00e9sion au contenu de ces sites.<\/p>\n<p>ZEborne ne saurait d\u00e8s lors \u00eatre tenu pour responsable pour le contenu, les produits, les services, la publicit\u00e9, les cookies ou autres \u00e9l\u00e9ments de ces sites ainsi que pour tous les dommages ou pertes, av\u00e9r\u00e9s ou all\u00e9gu\u00e9s, cons\u00e9cutifs ou en relation avec l\u2019utilisation de ces informations, services ou donn\u00e9es disponibles sur ces sites.<\/p>\n<h2><\/h2>\n<h3><u>Responsabilit\u00e9<\/u><\/h3>\n<p>La responsabilit\u00e9 de ZEborne ne peut \u00eatre engag\u00e9e en cas de d\u00e9faillance, panne, difficult\u00e9 ou interruption de fonctionnement, emp\u00eachant l\u2019acc\u00e8s au Site ou \u00e0 une de ses fonctionnalit\u00e9s.<\/p>\n<p>Le mat\u00e9riel de connexion au Site que vous utilisez est sous votre enti\u00e8re responsabilit\u00e9. Vous devez prendre toutes les mesures appropri\u00e9es pour prot\u00e9ger votre mat\u00e9riel et vos propres donn\u00e9es notamment d\u2019attaques virales par internet. Vous \u00eates par ailleurs le seul responsable des sites et donn\u00e9es que vous consultez.<\/p>\n<p>ZEborne, ses dirigeants ou salari\u00e9s ne sauraient \u00eatre tenus responsables pour quelque dommage que ce soit provenant d\u2019une connexion au pr\u00e9sent Site et vous renoncez \u00e0 toute action contre ZEborne, ses dirigeants ou salari\u00e9s de ce fait.<\/p>\n<p>ZEborne ne pourra pas \u00eatre tenu responsable en cas de poursuites judiciaires \u00e0 votre encontre du fait de l\u2019usage du Site ou de tout service accessible via internet.<\/p>\n<p>Les visiteurs s\u2019engagent \u00e0 ne pas soit volontairement soit m\u00eame involontairement introduire de virus ou de fichier de quelque nature que ce soit perturbant le fonctionnement du Site ; dans un tel cas ils en assumeraient seuls la responsabilit\u00e9 enti\u00e8re. Dans l\u2019esprit du respect de tous, ZEborne poursuivra les visiteurs ind\u00e9licats en justice.<\/p>\n<p>Si ZEborne venait \u00e0 faire l\u2019objet d\u2019une proc\u00e9dure amiable ou judiciaire \u00e0 raison de votre utilisation du Site, il pourra se retourner contre vous pour obtenir indemnisation de tous les pr\u00e9judices, sommes, condamnations et frais qui pourraient d\u00e9couler de cette proc\u00e9dure.<\/p>\n<h3><u>Gestion du Site<\/u><\/h3>\n<p>ZEborne se r\u00e9serve la possibilit\u00e9 de modifier, suspendre ou m\u00eame d\u2019interrompre la diffusion de tout ou partie de ce Site et en particulier des liens vers d\u2019autres sites et\/ou les \u00e9changes entre visiteurs qui seraient diffus\u00e9s.<\/p>\n<p>ZEborne pourra \u00e0 tout moment r\u00e9server l\u2019acc\u00e8s au Site, ou \u00e0 certaines parties du Site, \u00e0 une cat\u00e9gorie d\u00e9termin\u00e9e de visiteur.<\/p>\n<p>ZEborne pourra suspendre le Site afin de proc\u00e9der \u00e0 des mises \u00e0 jour.<\/p>\n<h2><\/h2>\n<h3><u>Collecte d\u2019Informations Statistiques de Navigation<\/u><\/h3>\n<p>ZEborne attire votre attention sur le fait que certaines informations peuvent \u00eatre enregistr\u00e9es par nos serveurs (navigateur utilis\u00e9, adresse IP, \u2026). Vous pouvez consulter la Politique de confidentialit\u00e9 et protection des donn\u00e9es personnelles sur le Site.<\/p>\n<h3><u>Photographies et repr\u00e9sentation des produits <\/u><\/h3>\n<p>Les photographies de produits, accompagnant leur description, ne sont pas contractuelles et n\u2019engagent pas ZEborne.<\/p>\n<h3><u>Conditions additionnelles et\/ou compl\u00e9mentaires<\/u><\/h3>\n<p>Le pr\u00e9sent Site peut contenir ou renvoyer vers d\u2019autres conditions additionnelles ou compl\u00e9mentaires que les visiteurs doivent respecter ; en cas de conflit ce seront les pr\u00e9sentes conditions qui devront \u00eatre appliqu\u00e9es ; elles seront interpr\u00e9t\u00e9es en droit fran\u00e7ais et par les tribunaux du ressort de la Cour d\u2019Appel de Versailles, France, \u00e0 qui une comp\u00e9tence exclusive est attribu\u00e9e. Toute utilisation du Site est express\u00e9ment consid\u00e9r\u00e9e comme faite \u00e0 partir du territoire fran\u00e7ais. ZEborne se r\u00e9serve le droit de modifier \u00e0 tout moment les pr\u00e9sentes mentions l\u00e9gales et conditions d\u2019utilisation.<\/p>\n<\/div><\/div><style type=\"text\/css\">.fusion-body .fusion-builder-column-0{width:100% !important;margin-top : 0px;margin-bottom : 0px;}.fusion-builder-column-0 > .fusion-column-wrapper {padding-top : 0px !important;padding-right : 50px !important;margin-right : 1.92%;padding-bottom : 0px !important;padding-left : 50px !important;margin-left : 1.92%;}@media only screen and (max-width:1024px) {.fusion-body .fusion-builder-column-0{width:100% !important;}.fusion-builder-column-0 > .fusion-column-wrapper {margin-right : 1.92%;margin-left : 1.92%;}}@media only screen and (max-width:640px) {.fusion-body .fusion-builder-column-0{width:100% !important;}.fusion-builder-column-0 > .fusion-column-wrapper {padding-right : 0 !important;margin-right : 1.92%;padding-bottom : 32px !important;padding-left : 0 !important;margin-left : 1.92%;}}<\/style><\/div><\/div><style type=\"text\/css\">.fusion-body .fusion-flex-container.fusion-builder-row-1{ padding-top : 0px;margin-top : 0px;padding-right : 0px;padding-bottom : 0px;margin-bottom : 0px;padding-left : 0px;}<\/style><\/div>\n<\/p>\n\n","protected":false},"excerpt":{"rendered":"","protected":false},"author":2,"featured_media":0,"parent":0,"menu_order":0,"comment_status":"closed","ping_status":"closed","template":"100-width.php","meta":{"footnotes":""},"_links":{"self":[{"href":"https:\/\/www.zeborne.com\/fr\/wp-json\/wp\/v2\/pages\/191"}],"collection":[{"href":"https:\/\/www.zeborne.com\/fr\/wp-json\/wp\/v2\/pages"}],"about":[{"href":"https:\/\/www.zeborne.com\/fr\/wp-json\/wp\/v2\/types\/page"}],"author":[{"embeddable":true,"href":"https:\/\/www.zeborne.com\/fr\/wp-json\/wp\/v2\/users\/2"}],"replies":[{"embeddable":true,"href":"https:\/\/www.zeborne.com\/fr\/wp-json\/wp\/v2\/comments?post=191"}],"version-history":[{"count":12,"href":"https:\/\/www.zeborne.com\/fr\/wp-json\/wp\/v2\/pages\/191\/revisions"}],"predecessor-version":[{"id":4018,"href":"https:\/\/www.zeborne.com\/fr\/wp-json\/wp\/v2\/pages\/191\/revisions\/4018"}],"wp:attachment":[{"href":"https:\/\/www.zeborne.com\/fr\/wp-json\/wp\/v2\/media?parent=191"}],"curies":[{"name":"wp","href":"https:\/\/api.w.org\/{rel}","templated":true}]}}